{"id":298,"date":"2017-10-30T09:31:48","date_gmt":"2017-10-30T09:31:48","guid":{"rendered":"https:\/\/ceccarmehedinti.ro\/ro\/?page_id=298"},"modified":"2026-01-29T13:56:53","modified_gmt":"2026-01-29T11:56:53","slug":"examenul-de-aptitudini","status":"publish","type":"page","link":"https:\/\/ceccarmehedinti.ro\/ro\/membri\/cum-devin-membru-ceccar\/examenul-de-aptitudini\/","title":{"rendered":"Examenul de aptitudini"},"content":{"rendered":"<section   class=\"fw-main-row  auto  fw-section-position-back\"    >\n\t\t\t<div class=\"fw-container\" >\n\t\t<div class=\"fw-row\">\n\t<div id=\"column-69dfd3b4ce405\" class=\"fw-col-sm-12 tf-sh-4bf7de7076824fb4c351a6d1039d0743\" >\n\t<div class=\"fw-wrap-col-inner clearfix  \"   >\n\t\t\t\t<div class=\"fw-col-inner\">\n\t\t\t<div class=\"fw-divider-space space-sm  clearfix\"  ><\/div><div class=\"tf-sh-435841a89aa1e8b5e1a52a967d0eb145 fw-tabs fw-tabs-minimal fw-tabs-top \" >\n\t<ul class=\"nav nav-tabs nav-justified\">\n\t\t\t\t\t<li class=\"active\">\n\t\t\t\t<a href=\"#tab-cont-435841a89aa1e8b5e1a52a967d0eb145-1\" data-toggle=\"tab\">\n\t\t\t\t\t\n\t\t\t\t\t\t\t\t\t\t<span>Programa aferent\u0103 examenului de aptitudini<\/span>\n\t\t\t\t<\/a>\n\t\t\t<\/li>\n\t\t\t\t\t\t\t\t<li >\n\t\t\t\t<a href=\"#tab-cont-435841a89aa1e8b5e1a52a967d0eb145-2\" data-toggle=\"tab\">\n\t\t\t\t\t\n\t\t\t\t\t\t\t\t\t\t<span>Dosarul de \u00eenscriere la examenul de aptitudini<\/span>\n\t\t\t\t<\/a>\n\t\t\t<\/li>\n\t\t\t\t\t\t\t\t<li >\n\t\t\t\t<a href=\"#tab-cont-435841a89aa1e8b5e1a52a967d0eb145-3\" data-toggle=\"tab\">\n\t\t\t\t\t\n\t\t\t\t\t\t\t\t\t\t<span>Taxa de inscriere<\/span>\n\t\t\t\t<\/a>\n\t\t\t<\/li>\n\t\t\t\t\t\t\t\t<li >\n\t\t\t\t<a href=\"#tab-cont-435841a89aa1e8b5e1a52a967d0eb145-4\" data-toggle=\"tab\">\n\t\t\t\t\t\n\t\t\t\t\t\t\t\t\t\t<span>Termen limita inscriere<\/span>\n\t\t\t\t<\/a>\n\t\t\t<\/li>\n\t\t\t\t\t\t\t\t<li >\n\t\t\t\t<a href=\"#tab-cont-435841a89aa1e8b5e1a52a967d0eb145-5\" data-toggle=\"tab\">\n\t\t\t\t\t\n\t\t\t\t\t\t\t\t\t\t<span>Cursuri<\/span>\n\t\t\t\t<\/a>\n\t\t\t<\/li>\n\t\t\t\t\t\t\t\t<li >\n\t\t\t\t<a href=\"#tab-cont-435841a89aa1e8b5e1a52a967d0eb145-6\" data-toggle=\"tab\">\n\t\t\t\t\t\n\t\t\t\t\t\t\t\t\t\t<span>Structura probe examen<\/span>\n\t\t\t\t<\/a>\n\t\t\t<\/li>\n\t\t\t\t\t\t\t\t<li >\n\t\t\t\t<a href=\"#tab-cont-435841a89aa1e8b5e1a52a967d0eb145-7\" data-toggle=\"tab\">\n\t\t\t\t\t\n\t\t\t\t\t\t\t\t\t\t<span>Regulament privind organizarea \u0219i desf\u0103\u0219urarea examenului de aptitudini  pentru accesul la profesia de expert contabil \u0219i contabil autorizat<\/span>\n\t\t\t\t<\/a>\n\t\t\t<\/li>\n\t\t\t\t\t\t\t\t<li >\n\t\t\t\t<a href=\"#tab-cont-435841a89aa1e8b5e1a52a967d0eb145-8\" data-toggle=\"tab\">\n\t\t\t\t\t\n\t\t\t\t\t\t\t\t\t\t<span>CALENDARUL EXAMENELOR DE APTITUDINI ORGANIZATE DE CECCAR \u00ceN 2026<\/span>\n\t\t\t\t<\/a>\n\t\t\t<\/li>\n\t\t\t\t\t\t<\/ul>\n\n\t<div class=\"tab-content clearfix\">\n\t\t\t\t\t<div id=\"tab-cont-435841a89aa1e8b5e1a52a967d0eb145-1\"\n\t\t\t     class=\"tab-pane fade in active\">\n\t\t\t\t\n\t\t\t\t\t\t\t\t\t<p>&nbsp;<\/p><p><a href=\"https:\/\/ceccarmehedinti.ro\/ro\/wp-content\/uploads\/2026\/01\/EC-Programa-examen-aptitudini-martie-2026.pdf\">EC-Programa-examen-aptitudini-martie-2026<\/a><\/p><p><a href=\"https:\/\/ceccarmehedinti.ro\/ro\/wp-content\/uploads\/2026\/01\/CA-Programa-examen-aptitudini-martie-2026.pdf\">CA-Programa-examen-aptitudini-martie-2026<\/a><\/p><p>&nbsp;<\/p><p>&nbsp;<\/p>\t\t\t\t\t\t\t<\/div>\n\t\t\t\t\t\t<div id=\"tab-cont-435841a89aa1e8b5e1a52a967d0eb145-2\"\n\t\t\t     class=\"tab-pane fade \">\n\t\t\t\t\n\t\t\t\t\t\t\t\t\t<div class=\"wp-block-stackable-tabs stk-block-tabs stk-block stk-de02a8d\" data-initial-tab=\"1\" data-block-id=\"de02a8d\"><div class=\"stk-row stk-inner-blocks stk-block-content stk-block-tabs--horizontal stk-block-tabs--fade stk-content-align stk-de02a8d-column\"><div class=\"wp-block-stackable-tab-content stk-block-tab-content stk-block stk-3c34f4f\" data-block-id=\"3c34f4f\"><div class=\"stk-row stk-inner-blocks stk-block-content stk-content-align stk-3c34f4f-column\"><div id=\"stk-block-tab-content-de02a8d-2\" class=\"wp-block-stackable-column stk-block-column stk-column stk-block stk-c6a8fa6\" tabindex=\"0\" role=\"tabpanel\" data-v=\"4\" data-block-id=\"c6a8fa6\" aria-labelledby=\"stk-block-tab-label-de02a8d-2\"><div class=\"stk-column-wrapper stk-block-column__content stk-container stk-c6a8fa6-container stk--no-background stk--no-padding\"><div class=\"stk-block-content stk-inner-blocks stk-c6a8fa6-inner-blocks\"><p>\u00censcrierea la examenul de aptitudini se face la filiala CECCAR \u00een cadrul c\u0103reia s-a efectuat stagiul sau la filiala de domiciliu, respectiv filiala \u00een care este luat \u00een eviden\u021b\u0103.<\/p><p>Pentru \u00eenscrierea la examenul de aptitudini, candidatul depune la sediul filialei CECCAR la care se \u00eenscrie un dosar care va cuprinde:<br \/>a)\u00a0<a title=\"\" href=\"https:\/\/ceccar.ro\/ro\/wp-content\/uploads\/2026\/01\/Cerere-inscriere-examen-aptitudini.pdf\" target=\"_blank\" rel=\"noopener\">cerere de \u00eenscriere la examenul de aptitudini<\/a>, semnat\u0103 olograf, \u00een original;<br \/>b) copie certificat\u0103 pentru conformitate cu originalul a diplomei care atest\u0103 finalizarea studiilor superioare \u00een cadrul unui program de studii universitare \u00een conformitate cu prevederile Legii educa\u021biei na\u021bionale nr. 1\/2011, cu modific\u0103rile \u0219i complet\u0103rile ulterioare, sau echivalent, \u00een \u0219tiin\u021be economice, pentru candida\u021bii \u00eenscri\u0219i la examenul de expert contabil, respectiv a diplomei de bacalaureat sau echivalent pentru candida\u021bii \u00eenscri\u0219i la examenul de contabil autorizat, recunoscute de ministerul de resort;<br \/>c) copie certificat\u0103 pentru conformitate cu originalul a actului de identitate;<br \/>d) copia certificatului de c\u0103s\u0103torie, \u00een cazul \u00een care numele \u00eenscris pe actele de studii nu coincide cu numele din actul de identitate, certificat\u0103 pentru conformitate cu originalul.<br \/>e) certificat de cazier judiciar valabil, \u00een original;<br \/>f) adeverin\u021b\u0103 medical\u0103 care s\u0103 ateste capacitatea de exerci\u021biu deplin\u0103, \u00een original;<br \/>g) dovada achit\u0103rii taxei de \u00eenscriere;<br \/>h) certificat de stagiu emis de filiala CECCAR \u00een cadrul c\u0103reia s-a efectuat stagiul, \u00een original;<br \/>i)\u00a0<a title=\"\" href=\"https:\/\/ceccar.ro\/ro\/wp-content\/uploads\/2026\/01\/Cerere-inscriere-ca-membru-CECCAR-cf.-pct-j-din-Regulament.pdf\" target=\"_blank\" rel=\"noopener\">cererea de \u00eenscriere ca membru CECCAR condi\u021bionat\u0103 de promovarea examenului de aptitudini<\/a>\u00a0(prev\u0103zut\u0103 de art. 15, alin. (2), lit.j. din Regulamentul de aptitudini), conform anexei;<br \/>j)\u00a0<a title=\"\" href=\"https:\/\/ceccar.ro\/ro\/wp-content\/uploads\/2026\/01\/Acord-GDPR-pentru-examen-aptitudini-2026.pdf\" target=\"_blank\" rel=\"noopener\">acordul GDPR<\/a>, conform anexei;<\/p><p>Certificarea copiei pentru conformitate cu originalul pentru documentele prev\u0103zute la lit. b) \u2013 d) se realizeaz\u0103 de c\u0103tre personalul CECCAR. Candidatul va prezenta la depunerea dosarului aceste documente \u00een original sau copie legalizat\u0103, iar dup\u0103 certificarea copiei pentru conformitate cu originalul, originalul sau copia legalizat\u0103 se returneaz\u0103 titularului.<\/p><\/div><\/div><\/div><\/div><\/div><\/div><\/div>\t\t\t\t\t\t\t<\/div>\n\t\t\t\t\t\t<div id=\"tab-cont-435841a89aa1e8b5e1a52a967d0eb145-3\"\n\t\t\t     class=\"tab-pane fade \">\n\t\t\t\t\n\t\t\t\t\t\t\t\t\t<p><a title=\"\" href=\"https:\/\/ceccar.ro\/ro\/wp-content\/uploads\/2025\/07\/Evidenta-IBAN-uri-filiale-CECCAR.pdf\" target=\"_blank\" rel=\"noopener\">Taxa de \u00eenscriere la sesiunea ordinar\u0103\u00a0<strong>din zilele de 20, 21 \u0219i 28 martie 2026<\/strong>\u00a0este de 175 euro (c\/v \u00een lei la cursul BNR din ziua pl\u0103\u0163ii) pentru categoria expert contabil \u0219i 125 euro (c\/v \u00een lei la cursul BNR din ziua pl\u0103\u0163ii) pentru categoria contabil autorizat. Persoanele care doresc \u00eenscrierea la examenul de aptitudini,\u00a0<strong>sesiunea martie 2026<\/strong>, vor achita taxa de \u00eenscriere \u00een\u00a0<\/a><a title=\"\" href=\"https:\/\/ceccar.ro\/ro\/wp-content\/uploads\/2026\/01\/Evidenta-IBAN-uri-filiale-CECCAR.pdf\" target=\"_blank\" rel=\"noopener\">contul filialei de domiciliu<\/a><\/p>\t\t\t\t\t\t\t<\/div>\n\t\t\t\t\t\t<div id=\"tab-cont-435841a89aa1e8b5e1a52a967d0eb145-4\"\n\t\t\t     class=\"tab-pane fade \">\n\t\t\t\t\n\t\t\t\t\t\t\t\t\t<p>Data-limit\u0103 p\u00e2n\u0103 la care candida\u021bii pot depune dosarul de \u00eenscriere pentru sesiunea ordinar\u0103 a examenului de aptitudini programat pentru zilele de 20, 21 \u0219i 28 martie 2026 este\u00a0<strong>6 martie 2026.<\/strong><\/p><p>Pentru a putea beneficia de participarea la cursurile de preg\u0103tire gratuite organizate de CECCAR, \u00eencep\u00e2nd cu data de\u00a0<strong>24 februarie 2026,<\/strong>\u00a0candida\u021bii au posibilitatea depunerii dosarului de \u00eenscriere p\u00e2n\u0103 la data de\u00a0<strong>20 februarie 2026.<\/strong><\/p>\t\t\t\t\t\t\t<\/div>\n\t\t\t\t\t\t<div id=\"tab-cont-435841a89aa1e8b5e1a52a967d0eb145-5\"\n\t\t\t     class=\"tab-pane fade \">\n\t\t\t\t\n\t\t\t\t\t\t\t\t\t<p>Pentru a veni \u00een sprijinul candida\u021bilor care doresc s\u0103 participe la sesiunea ordinar\u0103 a examenului de aptitudini din zilele de\u00a0<strong>20, 21 \u0219i 28 martie 2026<\/strong>, CECCAR va organiza cursuri de preg\u0103tire \u00eencep\u00e2nd din data de\u00a0<strong>24 februarie 2026<\/strong>.<\/p><p>Pentru a putea beneficia de participarea gratuit\u0103 la cursurile de preg\u0103tire organizate de CECCAR, candida\u021bii au posibilitatea depunerii dosarului de \u00eenscriere p\u00e2n\u0103 la data de\u00a0<strong>20 februarie 2026.<\/strong><\/p>\t\t\t\t\t\t\t<\/div>\n\t\t\t\t\t\t<div id=\"tab-cont-435841a89aa1e8b5e1a52a967d0eb145-6\"\n\t\t\t     class=\"tab-pane fade \">\n\t\t\t\t\n\t\t\t\t\t\t\t\t\t<p>&nbsp;<\/p><p><img loading=\"lazy\" decoding=\"async\" class=\"aligncenter size-medium wp-image-11015\" src=\"https:\/\/ceccarmehedinti.ro\/ro\/wp-content\/uploads\/2026\/01\/1-300x234.png\" alt=\"\" width=\"300\" height=\"234\" srcset=\"https:\/\/ceccarmehedinti.ro\/ro\/wp-content\/uploads\/2026\/01\/1-300x234.png 300w, https:\/\/ceccarmehedinti.ro\/ro\/wp-content\/uploads\/2026\/01\/1-768x600.png 768w, https:\/\/ceccarmehedinti.ro\/ro\/wp-content\/uploads\/2026\/01\/1.png 830w\" sizes=\"auto, (max-width: 300px) 100vw, 300px\" \/><\/p><p><img loading=\"lazy\" decoding=\"async\" class=\"aligncenter size-medium wp-image-11016\" src=\"https:\/\/ceccarmehedinti.ro\/ro\/wp-content\/uploads\/2026\/01\/2-300x132.png\" alt=\"\" width=\"300\" height=\"132\" srcset=\"https:\/\/ceccarmehedinti.ro\/ro\/wp-content\/uploads\/2026\/01\/2-300x132.png 300w, https:\/\/ceccarmehedinti.ro\/ro\/wp-content\/uploads\/2026\/01\/2-768x337.png 768w, https:\/\/ceccarmehedinti.ro\/ro\/wp-content\/uploads\/2026\/01\/2.png 831w\" sizes=\"auto, (max-width: 300px) 100vw, 300px\" \/><\/p><p>&nbsp;<\/p>\t\t\t\t\t\t\t<\/div>\n\t\t\t\t\t\t<div id=\"tab-cont-435841a89aa1e8b5e1a52a967d0eb145-7\"\n\t\t\t     class=\"tab-pane fade \">\n\t\t\t\t\t\t\t\t\t<h5 class=\"tab-content-title\">Regulament privind organizarea \u0219i desf\u0103\u0219urarea examenului de aptitudini  pentru accesul la profesia de expert contabil \u0219i contabil autorizat<\/h5>\n\t\t\t\t\n\t\t\t\t\t\t\t\t\t<ul><li><a href=\"https:\/\/ceccarmehedinti.ro\/ro\/wp-content\/uploads\/2024\/11\/Regulament-examen-aptitudini_avizat-MF.pdf\">Regulament-examen-aptitudini_avizat-MF<\/a><\/li><\/ul>\t\t\t\t\t\t\t<\/div>\n\t\t\t\t\t\t<div id=\"tab-cont-435841a89aa1e8b5e1a52a967d0eb145-8\"\n\t\t\t     class=\"tab-pane fade \">\n\t\t\t\t\n\t\t\t\t\t\t\t\t\t<p><a href=\"https:\/\/ceccarmehedinti.ro\/ro\/wp-content\/uploads\/2026\/01\/Calendarul-examenelor-de-aptitudini-organizate-in-2026.pdf\">Calendarul-examenelor-de-aptitudini-organizate-in-2026<\/a><\/p>\t\t\t\t\t\t\t<\/div>\n\t\t\t\t<\/div>\n<\/div><div class=\"fw-divider-space space-sm  clearfix\"  ><\/div>\t\t<\/div>\n\t<\/div>\n<\/div><\/div>\n\n\t<\/div>\n\t<\/section>\n","protected":false},"excerpt":{"rendered":"<p>Programa aferent\u0103 examenului de aptitudini Dosarul de \u00eenscriere la examenul de aptitudini Taxa de inscriere Termen limita inscriere Cursuri Structura probe examen Regulament privind organizarea \u0219i desf\u0103\u0219urarea examenului de aptitudini pentru accesul la profesia de [&hellip;]<\/p>\n","protected":false},"author":1,"featured_media":0,"parent":288,"menu_order":0,"comment_status":"closed","ping_status":"closed","template":"visual-builder-template.php","meta":{"footnotes":""},"class_list":["post-298","page","type-page","status-publish","hentry"],"brizy_media":[],"_links":{"self":[{"href":"https:\/\/ceccarmehedinti.ro\/ro\/wp-json\/wp\/v2\/pages\/298","targetHints":{"allow":["GET"]}}],"collection":[{"href":"https:\/\/ceccarmehedinti.ro\/ro\/wp-json\/wp\/v2\/pages"}],"about":[{"href":"https:\/\/ceccarmehedinti.ro\/ro\/wp-json\/wp\/v2\/types\/page"}],"author":[{"embeddable":true,"href":"https:\/\/ceccarmehedinti.ro\/ro\/wp-json\/wp\/v2\/users\/1"}],"replies":[{"embeddable":true,"href":"https:\/\/ceccarmehedinti.ro\/ro\/wp-json\/wp\/v2\/comments?post=298"}],"version-history":[{"count":75,"href":"https:\/\/ceccarmehedinti.ro\/ro\/wp-json\/wp\/v2\/pages\/298\/revisions"}],"predecessor-version":[{"id":11018,"href":"https:\/\/ceccarmehedinti.ro\/ro\/wp-json\/wp\/v2\/pages\/298\/revisions\/11018"}],"up":[{"embeddable":true,"href":"https:\/\/ceccarmehedinti.ro\/ro\/wp-json\/wp\/v2\/pages\/288"}],"wp:attachment":[{"href":"https:\/\/ceccarmehedinti.ro\/ro\/wp-json\/wp\/v2\/media?parent=298"}],"curies":[{"name":"wp","href":"https:\/\/api.w.org\/{rel}","templated":true}]}}